{"id":25379,"date":"2019-10-03T15:32:49","date_gmt":"2019-10-03T13:32:49","guid":{"rendered":"http:\/\/ikivienna.at\/upcoming-course-dates\/"},"modified":"2025-08-26T13:36:54","modified_gmt":"2025-08-26T11:36:54","slug":"upcoming-course-dates","status":"publish","type":"page","link":"https:\/\/ikivienna.at\/bs\/upcoming-course-dates\/","title":{"rendered":"Upcoming Course Dates"},"content":{"rendered":"<p>[vc_section][vc_row full_width=&#8221;stretch_row&#8221; overflow=&#8221;default&#8221; css=&#8221;.vc_custom_1742298057772{background-color: #dbe3ef !important;}&#8221;][vc_column]\r\n<div class=\"sh-heading  \" id=\"heading-6o0NHpu2Cr\">\r\n\t<div class=\"sh-element-margin\">\r\n\r\n\t\t\r\n\t\t\t<h1 class=\"sh-heading-content size-xl text-center\">\r\n\t\t\t\tUpcoming Course Dates\t\t\t<\/h1>\r\n\r\n\t\t\r\n\t<\/div>\r\n<\/div>\r\n            <style type=\"text\/css\">\r\n                #heading-6o0NHpu2Cr .sh-element-margin {margin: 40px 0px 35px 0px;}#heading-6o0NHpu2Cr .sh-heading-content {font-weight: 700!important;color: #000000;}#heading-6o0NHpu2Cr .sh-heading-content,#heading-6o0NHpu2Cr .sh-heading-additional-text {}            <\/style>\r\n        [\/vc_column][\/vc_row][vc_row][vc_column width=&#8221;1\/3&#8221;]\r\n<div class=\"sh-heading  \" id=\"heading-4hcuCe6IVL\">\r\n\t<div class=\"sh-element-margin\">\r\n\r\n\t\t\r\n\t\t\t<h3 class=\"sh-heading-content size-default text-left\">\r\n\t\t\t\tIntensive German Courses\t\t\t<\/h3>\r\n\r\n\t\t\r\n\t<\/div>\r\n<\/div>\r\n            <style type=\"text\/css\">\r\n                #heading-4hcuCe6IVL .sh-element-margin {}#heading-4hcuCe6IVL .sh-heading-content {font-weight: 700!important;}#heading-4hcuCe6IVL .sh-heading-content,#heading-4hcuCe6IVL .sh-heading-additional-text {}            <\/style>\r\n        \r\n<div class=\"sh-heading  \" id=\"heading-uTs6GYzXDE\">\r\n\t<div class=\"sh-element-margin\">\r\n\r\n\t\t\r\n\t\t\t<h3 class=\"sh-heading-content size-default text-left\">\r\n\t\t\t\t2025\t\t\t<\/h3>\r\n\r\n\t\t\r\n\t<\/div>\r\n<\/div>\r\n            <style type=\"text\/css\">\r\n                #heading-uTs6GYzXDE .sh-element-margin {}#heading-uTs6GYzXDE .sh-heading-content {font-weight: 700!important;}#heading-uTs6GYzXDE .sh-heading-content,#heading-uTs6GYzXDE .sh-heading-additional-text {}            <\/style>\r\n        [vc_column_text css=&#8221;.vc_custom_1753792730025{margin-top: 20px !important;}&#8221;]<\/p>\n<p><strong>July:<\/strong><br \/>\n07 Jul \u2013 01 Aug 2025<\/p>\n<p><strong>August:<\/strong><br \/>\n04 Aug \u2013 29 Aug 2025<\/p>\n<p><strong>September:<\/strong><br \/>\n01 Sep \u2013 26 Sep 2025<\/p>\n<p><strong>October:<\/strong><br \/>\n29 Sep \u2013 24 Oct 2025<\/p>\n<p><strong>November:<\/strong><br \/>\n27 Oct \u2013 21 Nov 2025<\/p>\n<p><strong>December:<\/strong><br \/>\n24 Nov \u2013 22 Dec 2025<\/p>\n<p>[\/vc_column_text][\/vc_column][vc_column width=&#8221;1\/3&#8221;]\r\n<div class=\"sh-heading  \" id=\"heading-0gBVuSovqR\">\r\n\t<div class=\"sh-element-margin\">\r\n\r\n\t\t\r\n\t\t\t<h3 class=\"sh-heading-content size-default text-left\">\r\n\t\t\t\tGerman Evening Courses\t\t\t<\/h3>\r\n\r\n\t\t\r\n\t<\/div>\r\n<\/div>\r\n            <style type=\"text\/css\">\r\n                #heading-0gBVuSovqR .sh-element-margin {}#heading-0gBVuSovqR .sh-heading-content {font-weight: 700!important;}#heading-0gBVuSovqR .sh-heading-content,#heading-0gBVuSovqR .sh-heading-additional-text {}            <\/style>\r\n        \r\n<div class=\"sh-heading  \" id=\"heading-NdwpBDs6r3\">\r\n\t<div class=\"sh-element-margin\">\r\n\r\n\t\t\r\n\t\t\t<h3 class=\"sh-heading-content size-default text-left\">\r\n\t\t\t\t2025\t\t\t<\/h3>\r\n\r\n\t\t\r\n\t<\/div>\r\n<\/div>\r\n            <style type=\"text\/css\">\r\n                #heading-NdwpBDs6r3 .sh-element-margin {}#heading-NdwpBDs6r3 .sh-heading-content {font-weight: 700!important;}#heading-NdwpBDs6r3 .sh-heading-content,#heading-NdwpBDs6r3 .sh-heading-additional-text {}            <\/style>\r\n        [vc_column_text css=&#8221;.vc_custom_1753792772922{margin-top: 20px !important;}&#8221;]<\/p>\n<p><strong>Summer (2\u00d75 weeks):<\/strong><br \/>\n17 Jun \u2013 22 Jul 2025<br \/>\nand<br \/>\n01 Sep \u2013 02 Oct 2025<\/p>\n<p><strong>Autumn (10 weeks):<\/strong><br \/>\n06 Oct \u2013 15 Dec 2025<\/p>\n<p>[\/vc_column_text][\/vc_column][vc_column width=&#8221;1\/3&#8221;]\r\n<div class=\"sh-heading  \" id=\"heading-woMCdQA6x3\">\r\n\t<div class=\"sh-element-margin\">\r\n\r\n\t\t\r\n\t\t\t<h3 class=\"sh-heading-content size-default text-left\">\r\n\t\t\t\t\u00d6SD Exam Preperation Courses\t\t\t<\/h3>\r\n\r\n\t\t\r\n\t<\/div>\r\n<\/div>\r\n            <style type=\"text\/css\">\r\n                #heading-woMCdQA6x3 .sh-element-margin {}#heading-woMCdQA6x3 .sh-heading-content {font-weight: 700!important;}#heading-woMCdQA6x3 .sh-heading-content,#heading-woMCdQA6x3 .sh-heading-additional-text {}            <\/style>\r\n        \r\n<div class=\"sh-heading  \" id=\"heading-fcdVTBDmsA\">\r\n\t<div class=\"sh-element-margin\">\r\n\r\n\t\t\r\n\t\t\t<h3 class=\"sh-heading-content size-default text-left\">\r\n\t\t\t\t2025\t\t\t<\/h3>\r\n\r\n\t\t\r\n\t<\/div>\r\n<\/div>\r\n            <style type=\"text\/css\">\r\n                #heading-fcdVTBDmsA .sh-element-margin {}#heading-fcdVTBDmsA .sh-heading-content {font-weight: 700!important;}#heading-fcdVTBDmsA .sh-heading-content,#heading-fcdVTBDmsA .sh-heading-additional-text {}            <\/style>\r\n        [vc_column_text css=&#8221;.vc_custom_1753792804849{margin-top: 20px !important;}&#8221;]<\/p>\n<p><strong>February:<\/strong><br \/>\n05 Feb 2025<\/p>\n<p><strong>April:<\/strong><br \/>\n09 Apr 2025<\/p>\n<p><strong>July:<\/strong><br \/>\n09 Jul 2025<\/p>\n<p><strong>August:<\/strong><br \/>\n06 Aug 2025<\/p>\n<p><strong>October:<\/strong><br \/>\n01 Oct 2025<\/p>\n<p>[\/vc_column_text][\/vc_column][\/vc_row][\/vc_section][vc_row][vc_column width=&#8221;1\/3&#8221;]\r\n<div class=\"sh-heading  \" id=\"heading-iYuVXCZoWB\">\r\n\t<div class=\"sh-element-margin\">\r\n\r\n\t\t\r\n\t\t\t<h3 class=\"sh-heading-content size-default text-left\">\r\n\t\t\t\tIntensive German Courses\t\t\t<\/h3>\r\n\r\n\t\t\r\n\t<\/div>\r\n<\/div>\r\n            <style type=\"text\/css\">\r\n                #heading-iYuVXCZoWB .sh-element-margin {}#heading-iYuVXCZoWB .sh-heading-content {font-weight: 700!important;}#heading-iYuVXCZoWB .sh-heading-content,#heading-iYuVXCZoWB .sh-heading-additional-text {}            <\/style>\r\n        \r\n<div class=\"sh-heading  \" id=\"heading-Vg9JLHKmyG\">\r\n\t<div class=\"sh-element-margin\">\r\n\r\n\t\t\r\n\t\t\t<h3 class=\"sh-heading-content size-default text-left\">\r\n\t\t\t\t2026\t\t\t<\/h3>\r\n\r\n\t\t\r\n\t<\/div>\r\n<\/div>\r\n            <style type=\"text\/css\">\r\n                #heading-Vg9JLHKmyG .sh-element-margin {}#heading-Vg9JLHKmyG .sh-heading-content {font-weight: 700!important;}#heading-Vg9JLHKmyG .sh-heading-content,#heading-Vg9JLHKmyG .sh-heading-additional-text {}            <\/style>\r\n        \r\n            \r\n            <div class=\"sh-empty-space vc_empty_space sh-empty-space-te6320KFrk  \" style=\"height: 15px\">\r\n                <span class=\"vc_empty_space_inner\"><\/span>\r\n            <\/div>\r\n\r\n        [vc_column_text]<\/p>\n<p><strong>January:<\/strong><br \/>\n07 Jan \u2013 03 Feb 2026<\/p>\n<p><strong>February:<\/strong><br \/>\n04 Feb \u2013 03 Mar 2026<\/p>\n<p><strong>March:<\/strong><br \/>\n04 Mar \u2013 31 Mar 2026<\/p>\n<p><strong>April:<\/strong><br \/>\n01 Apr \u2013 29 Apr 2026<\/p>\n<p><strong>May:<\/strong><br \/>\n04 May \u2013 02 Jun 2026<\/p>\n<p><strong>June:<\/strong><br \/>\n08 Jun \u2013 03 Jul 2026<\/p>\n<p><strong>July:<\/strong><br \/>\n06 Jul \u2013 31 Jul 2026<\/p>\n<p><strong>August:<\/strong><br \/>\n03 Aug \u2013 28 Aug 2026<\/p>\n<p><strong>September:<\/strong><br \/>\n31 Aug \u2013 25 Sep 2026<\/p>\n<p><strong>October:<\/strong><br \/>\n28 Sep \u2013 23 Oct 2026<\/p>\n<p><strong>November:<\/strong><br \/>\n27 Oct \u2013 23 Nov 2026<\/p>\n<p><strong>December:<\/strong><br \/>\n24 Nov \u2013 22 Dec 2026<\/p>\n<p>[\/vc_column_text][\/vc_column][vc_column width=&#8221;1\/3&#8221;]\r\n<div class=\"sh-heading  \" id=\"heading-UeBn5gRzM0\">\r\n\t<div class=\"sh-element-margin\">\r\n\r\n\t\t\r\n\t\t\t<h3 class=\"sh-heading-content size-default text-left\">\r\n\t\t\t\tGerman Evening Courses\t\t\t<\/h3>\r\n\r\n\t\t\r\n\t<\/div>\r\n<\/div>\r\n            <style type=\"text\/css\">\r\n                #heading-UeBn5gRzM0 .sh-element-margin {}#heading-UeBn5gRzM0 .sh-heading-content {font-weight: 700!important;}#heading-UeBn5gRzM0 .sh-heading-content,#heading-UeBn5gRzM0 .sh-heading-additional-text {}            <\/style>\r\n        \r\n<div class=\"sh-heading  \" id=\"heading-AbxBzH6VkS\">\r\n\t<div class=\"sh-element-margin\">\r\n\r\n\t\t\r\n\t\t\t<h3 class=\"sh-heading-content size-default text-left\">\r\n\t\t\t\t2026\t\t\t<\/h3>\r\n\r\n\t\t\r\n\t<\/div>\r\n<\/div>\r\n            <style type=\"text\/css\">\r\n                #heading-AbxBzH6VkS .sh-element-margin {}#heading-AbxBzH6VkS .sh-heading-content {font-weight: 700!important;}#heading-AbxBzH6VkS .sh-heading-content,#heading-AbxBzH6VkS .sh-heading-additional-text {}            <\/style>\r\n        \r\n            \r\n            <div class=\"sh-empty-space vc_empty_space sh-empty-space-qLT6gwURjf  \" style=\"height: 15px\">\r\n                <span class=\"vc_empty_space_inner\"><\/span>\r\n            <\/div>\r\n\r\n        [vc_column_text]<strong>Winter (10 weeks):<\/strong><br \/>\n12 Jan \u2013 19 Mar 2026<\/p>\n<p><strong>Spring (10 weeks):<\/strong><br \/>\n23 Mar \u2013 03 June 2026<\/p>\n<p><strong>Summer (5 weeks):<\/strong><br \/>\n15 Jun \u2013 16 Jul 2026<br \/>\nand<br \/>\n31 Aug \u2013 01 Oct 2026<\/p>\n<p><strong>Autumn (10 weeks):<\/strong><br \/>\n07 Oct \u2013 17 Dec 2026[\/vc_column_text][\/vc_column][vc_column width=&#8221;1\/3&#8221;]\r\n<div class=\"sh-heading  \" id=\"heading-FPNZ1q3WxE\">\r\n\t<div class=\"sh-element-margin\">\r\n\r\n\t\t\r\n\t\t\t<h3 class=\"sh-heading-content size-default text-left\">\r\n\t\t\t\t\u00d6SD Exam Preperation Courses\t\t\t<\/h3>\r\n\r\n\t\t\r\n\t<\/div>\r\n<\/div>\r\n            <style type=\"text\/css\">\r\n                #heading-FPNZ1q3WxE .sh-element-margin {}#heading-FPNZ1q3WxE .sh-heading-content {font-weight: 700!important;}#heading-FPNZ1q3WxE .sh-heading-content,#heading-FPNZ1q3WxE .sh-heading-additional-text {}            <\/style>\r\n        \r\n<div class=\"sh-heading  \" id=\"heading-ExOSazmUAJ\">\r\n\t<div class=\"sh-element-margin\">\r\n\r\n\t\t\r\n\t\t\t<h3 class=\"sh-heading-content size-default text-left\">\r\n\t\t\t\t2026\t\t\t<\/h3>\r\n\r\n\t\t\r\n\t<\/div>\r\n<\/div>\r\n            <style type=\"text\/css\">\r\n                #heading-ExOSazmUAJ .sh-element-margin {}#heading-ExOSazmUAJ .sh-heading-content {font-weight: 700!important;}#heading-ExOSazmUAJ .sh-heading-content,#heading-ExOSazmUAJ .sh-heading-additional-text {}            <\/style>\r\n        \r\n            \r\n            <div class=\"sh-empty-space vc_empty_space sh-empty-space-hgqb1aHZA3  \" style=\"height: 15px\">\r\n                <span class=\"vc_empty_space_inner\"><\/span>\r\n            <\/div>\r\n\r\n        [vc_column_text]The dates are currently being processed.[\/vc_column_text][\/vc_column][\/vc_row]<\/p>\n","protected":false},"excerpt":{"rendered":"<p>[vc_section][vc_row full_width=&#8221;stretch_row&#8221; overflow=&#8221;default&#8221; css=&#8221;.vc_custom_1742298057772{background-color: #dbe3ef !important;}&#8221;][vc_column] Upcoming Course Dates [\/vc_column][\/vc_row][vc_row][vc_column width=&#8221;1\/3&#8221;] Intensive German Courses 2025 [vc_column_text css=&#8221;.vc_custom_1753792730025{margin-top: 20px !important;}&#8221;] July: 07 Jul \u2013 01 Aug 2025 August: 04 Aug \u2013 29 Aug 2025 September: 01 Sep \u2013 26 Sep 2025 October: 29 Sep \u2013 24&#8230;<\/p>\n","protected":false},"author":8,"featured_media":0,"parent":0,"menu_order":0,"comment_status":"closed","ping_status":"closed","template":"","meta":[],"acf":[],"yoast_head":"<!-- This site is optimized with the Yoast SEO plugin v17.0 - https:\/\/yoast.com\/wordpress\/plugins\/seo\/ -->\n<title>Upcoming Course Dates - IKI kursevi njema\u010dkog jezika u Be\u010du - u\u010denje njema\u010dkog jezika u Be\u010du<\/title>\n<meta name=\"description\" content=\"All our upcoming course dates during the current year.\" \/>\n<meta name=\"robots\" content=\"index, follow, max-snippet:-1, max-image-preview:large, max-video-preview:-1\" \/>\n<link rel=\"canonical\" href=\"https:\/\/ikivienna.at\/bs\/upcoming-course-dates\/\" \/>\n<meta property=\"og:locale\" content=\"bs_BA\" \/>\n<meta property=\"og:type\" content=\"article\" \/>\n<meta property=\"og:title\" content=\"Upcoming Course Dates - IKI kursevi njema\u010dkog jezika u Be\u010du - u\u010denje njema\u010dkog jezika u Be\u010du\" \/>\n<meta property=\"og:description\" content=\"All our upcoming course dates during the current year.\" \/>\n<meta property=\"og:url\" content=\"https:\/\/ikivienna.at\/bs\/upcoming-course-dates\/\" \/>\n<meta property=\"og:site_name\" content=\"IKI kursevi njema\u010dkog jezika u Be\u010du - u\u010denje njema\u010dkog jezika u Be\u010du\" \/>\n<meta property=\"article:publisher\" content=\"https:\/\/www.facebook.com\/internationaleskulturinstitut\" \/>\n<meta property=\"article:modified_time\" content=\"2025-08-26T11:36:54+00:00\" \/>\n<meta name=\"twitter:card\" content=\"summary_large_image\" \/>\n<meta name=\"twitter:label1\" content=\"Est. reading time\" \/>\n\t<meta name=\"twitter:data1\" content=\"2 minute\" \/>\n<script type=\"application\/ld+json\" class=\"yoast-schema-graph\">{\"@context\":\"https:\/\/schema.org\",\"@graph\":[{\"@type\":\"WebSite\",\"@id\":\"https:\/\/ikivienna.at\/#website\",\"url\":\"https:\/\/ikivienna.at\/\",\"name\":\"IKI kursevi njema\\u010dkog jezika u Be\\u010du - u\\u010denje njema\\u010dkog jezika u Be\\u010du\",\"description\":\"IKI Internationales Kulturinstitut - \\u0161kola jezika\",\"potentialAction\":[{\"@type\":\"SearchAction\",\"target\":{\"@type\":\"EntryPoint\",\"urlTemplate\":\"https:\/\/ikivienna.at\/?s={search_term_string}\"},\"query-input\":\"required name=search_term_string\"}],\"inLanguage\":\"bs-BA\"},{\"@type\":\"WebPage\",\"@id\":\"https:\/\/ikivienna.at\/bs\/upcoming-course-dates\/#webpage\",\"url\":\"https:\/\/ikivienna.at\/bs\/upcoming-course-dates\/\",\"name\":\"Upcoming Course Dates - IKI kursevi njema\\u010dkog jezika u Be\\u010du - u\\u010denje njema\\u010dkog jezika u Be\\u010du\",\"isPartOf\":{\"@id\":\"https:\/\/ikivienna.at\/#website\"},\"datePublished\":\"2019-10-03T13:32:49+00:00\",\"dateModified\":\"2025-08-26T11:36:54+00:00\",\"description\":\"All our upcoming course dates during the current year.\",\"breadcrumb\":{\"@id\":\"https:\/\/ikivienna.at\/bs\/upcoming-course-dates\/#breadcrumb\"},\"inLanguage\":\"bs-BA\",\"potentialAction\":[{\"@type\":\"ReadAction\",\"target\":[\"https:\/\/ikivienna.at\/bs\/upcoming-course-dates\/\"]}]},{\"@type\":\"BreadcrumbList\",\"@id\":\"https:\/\/ikivienna.at\/bs\/upcoming-course-dates\/#breadcrumb\",\"itemListElement\":[{\"@type\":\"ListItem\",\"position\":1,\"name\":\"Home\",\"item\":\"https:\/\/ikivienna.at\/bs\/\"},{\"@type\":\"ListItem\",\"position\":2,\"name\":\"Upcoming Course Dates\"}]}]}<\/script>\n<!-- \/ Yoast SEO plugin. -->","yoast_head_json":{"title":"Upcoming Course Dates - IKI kursevi njema\u010dkog jezika u Be\u010du - u\u010denje njema\u010dkog jezika u Be\u010du","description":"All our upcoming course dates during the current year.","robots":{"index":"index","follow":"follow","max-snippet":"max-snippet:-1","max-image-preview":"max-image-preview:large","max-video-preview":"max-video-preview:-1"},"canonical":"https:\/\/ikivienna.at\/bs\/upcoming-course-dates\/","og_locale":"bs_BA","og_type":"article","og_title":"Upcoming Course Dates - IKI kursevi njema\u010dkog jezika u Be\u010du - u\u010denje njema\u010dkog jezika u Be\u010du","og_description":"All our upcoming course dates during the current year.","og_url":"https:\/\/ikivienna.at\/bs\/upcoming-course-dates\/","og_site_name":"IKI kursevi njema\u010dkog jezika u Be\u010du - u\u010denje njema\u010dkog jezika u Be\u010du","article_publisher":"https:\/\/www.facebook.com\/internationaleskulturinstitut","article_modified_time":"2025-08-26T11:36:54+00:00","twitter_card":"summary_large_image","twitter_misc":{"Est. reading time":"2 minute"},"schema":{"@context":"https:\/\/schema.org","@graph":[{"@type":"WebSite","@id":"https:\/\/ikivienna.at\/#website","url":"https:\/\/ikivienna.at\/","name":"IKI kursevi njema\u010dkog jezika u Be\u010du - u\u010denje njema\u010dkog jezika u Be\u010du","description":"IKI Internationales Kulturinstitut - \u0161kola jezika","potentialAction":[{"@type":"SearchAction","target":{"@type":"EntryPoint","urlTemplate":"https:\/\/ikivienna.at\/?s={search_term_string}"},"query-input":"required name=search_term_string"}],"inLanguage":"bs-BA"},{"@type":"WebPage","@id":"https:\/\/ikivienna.at\/bs\/upcoming-course-dates\/#webpage","url":"https:\/\/ikivienna.at\/bs\/upcoming-course-dates\/","name":"Upcoming Course Dates - IKI kursevi njema\u010dkog jezika u Be\u010du - u\u010denje njema\u010dkog jezika u Be\u010du","isPartOf":{"@id":"https:\/\/ikivienna.at\/#website"},"datePublished":"2019-10-03T13:32:49+00:00","dateModified":"2025-08-26T11:36:54+00:00","description":"All our upcoming course dates during the current year.","breadcrumb":{"@id":"https:\/\/ikivienna.at\/bs\/upcoming-course-dates\/#breadcrumb"},"inLanguage":"bs-BA","potentialAction":[{"@type":"ReadAction","target":["https:\/\/ikivienna.at\/bs\/upcoming-course-dates\/"]}]},{"@type":"BreadcrumbList","@id":"https:\/\/ikivienna.at\/bs\/upcoming-course-dates\/#breadcrumb","itemListElement":[{"@type":"ListItem","position":1,"name":"Home","item":"https:\/\/ikivienna.at\/bs\/"},{"@type":"ListItem","position":2,"name":"Upcoming Course Dates"}]}]}},"_links":{"self":[{"href":"https:\/\/ikivienna.at\/bs\/wp-json\/wp\/v2\/pages\/25379"}],"collection":[{"href":"https:\/\/ikivienna.at\/bs\/wp-json\/wp\/v2\/pages"}],"about":[{"href":"https:\/\/ikivienna.at\/bs\/wp-json\/wp\/v2\/types\/page"}],"author":[{"embeddable":true,"href":"https:\/\/ikivienna.at\/bs\/wp-json\/wp\/v2\/users\/8"}],"replies":[{"embeddable":true,"href":"https:\/\/ikivienna.at\/bs\/wp-json\/wp\/v2\/comments?post=25379"}],"version-history":[{"count":15,"href":"https:\/\/ikivienna.at\/bs\/wp-json\/wp\/v2\/pages\/25379\/revisions"}],"predecessor-version":[{"id":62083,"href":"https:\/\/ikivienna.at\/bs\/wp-json\/wp\/v2\/pages\/25379\/revisions\/62083"}],"wp:attachment":[{"href":"https:\/\/ikivienna.at\/bs\/wp-json\/wp\/v2\/media?parent=25379"}],"curies":[{"name":"wp","href":"https:\/\/api.w.org\/{rel}","templated":true}]}}