{"id":54074,"date":"2019-06-16T16:24:23","date_gmt":"2019-06-16T14:24:23","guid":{"rendered":"https:\/\/ikivienna.at\/einstufungstest\/"},"modified":"2025-04-22T12:54:00","modified_gmt":"2025-04-22T10:54:00","slug":"einstufungstest","status":"publish","type":"page","link":"https:\/\/ikivienna.at\/bs\/einstufungstest\/","title":{"rendered":"Test plasmana"},"content":{"rendered":"<p>[vc_row full_width=&#8221;stretch_row_content_no_spaces&#8221; overflow=&#8221;default&#8221; css=&#8221;.vc_custom_1560767099864{background-color: #e2dedb !important;}&#8221;][vc_column][vc_raw_html]JTNDaWZyYW1lJTIwc3R5bGUlM0QlMjJ3aWR0aCUzQSUyMDEwMCUyNSUzQiUyMGhlaWdodCUzQSUyMDQyMDBweCUzQiUyMG92ZXJmbG93JTNBJTIwaGlkZGVuJTNCJTIyJTIwc3JjJTNEJTIyaHR0cHMlM0ElMkYlMkZ3d3cuaWtpYWNhZGVteS5hdCUyRnRlc3QlMjIlMjB3aWR0aCUzRCUyMjEwMCUyMiUyMGhlaWdodCUzRCUyMjEwMCUyMiUyMHNjcm9sbGluZyUzRCUyMm5vJTIyJTIwZnJhbWVib3JkZXIlM0QlMjIwJTIyJTNFJTNDYSUyMGhyZWYlM0QlMjJodHRwcyUzQSUyRiUyRnd3dy5pa2lhY2FkZW15LmF0JTJGdGVzdCUyMiUyMHRhcmdldCUzRCUyMl9ibGFuayUyMiUzQyUyRmElM0VXZW5uJTIwa2VpbiUyMFRlc3QlMjBhbmdlemVpZ3QlMjB3aXJkJTJDJTIwYml0dGUlMjBhdWYlMjBpa2lhY2FkZW15LmF0JTJGdGVzdCUyMHdlY2hzZWxuLiUzQyUyRmElM0UlM0MlMkZpZnJhbWUlM0U=[\/vc_raw_html][\/vc_column][\/vc_row]<\/p>\n","protected":false},"excerpt":{"rendered":"<p>[vc_row full_width=&#8221;stretch_row_content_no_spaces&#8221; overflow=&#8221;default&#8221; css=&#8221;.vc_custom_1560767099864{background-color: #e2dedb !important;}&#8221;][vc_column][vc_raw_html]JTNDaWZyYW1lJTIwc3R5bGUlM0QlMjJ3aWR0aCUzQSUyMDEwMCUyNSUzQiUyMGhlaWdodCUzQSUyMDQyMDBweCUzQiUyMG92ZXJmbG93JTNBJTIwaGlkZGVuJTNCJTIyJTIwc3JjJTNEJTIyaHR0cHMlM0ElMkYlMkZ3d3cuaWtpYWNhZGVteS5hdCUyRnRlc3QlMjIlMjB3aWR0aCUzRCUyMjEwMCUyMiUyMGhlaWdodCUzRCUyMjEwMCUyMiUyMHNjcm9sbGluZyUzRCUyMm5vJTIyJTIwZnJhbWVib3JkZXIlM0QlMjIwJTIyJTNFJTNDYSUyMGhyZWYlM0QlMjJodHRwcyUzQSUyRiUyRnd3dy5pa2lhY2FkZW15LmF0JTJGdGVzdCUyMiUyMHRhcmdldCUzRCUyMl9ibGFuayUyMiUzQyUyRmElM0VXZW5uJTIwa2VpbiUyMFRlc3QlMjBhbmdlemVpZ3QlMjB3aXJkJTJDJTIwYml0dGUlMjBhdWYlMjBpa2lhY2FkZW15LmF0JTJGdGVzdCUyMHdlY2hzZWxuLiUzQyUyRmElM0UlM0MlMkZpZnJhbWUlM0U=[\/vc_raw_html][\/vc_column][\/vc_row]<\/p>\n","protected":false},"author":8,"featured_media":0,"parent":0,"menu_order":0,"comment_status":"closed","ping_status":"closed","template":"","meta":[],"acf":[],"yoast_head":"<!-- This site is optimized with the Yoast SEO plugin v17.0 - https:\/\/yoast.com\/wordpress\/plugins\/seo\/ -->\n<title>Test plasmana - IKI kursevi njema\u010dkog jezika u Be\u010du - u\u010denje njema\u010dkog jezika u Be\u010du<\/title>\n<meta name=\"description\" content=\"Mit dem IKI-Einstufungstest finden wir den richtigen Kurs f\u00fcr dein Sprachniveau von A1.1 bis Level C1 nach dem europ\u00e4ischen Referenzrahmen.\" \/>\n<meta name=\"robots\" content=\"index, follow, max-snippet:-1, max-image-preview:large, max-video-preview:-1\" \/>\n<link rel=\"canonical\" href=\"https:\/\/ikivienna.at\/bs\/einstufungstest\/\" \/>\n<meta property=\"og:locale\" content=\"bs_BA\" \/>\n<meta property=\"og:type\" content=\"article\" \/>\n<meta property=\"og:title\" content=\"Test plasmana - IKI kursevi njema\u010dkog jezika u Be\u010du - u\u010denje njema\u010dkog jezika u Be\u010du\" \/>\n<meta property=\"og:description\" content=\"Mit dem IKI-Einstufungstest finden wir den richtigen Kurs f\u00fcr dein Sprachniveau von A1.1 bis Level C1 nach dem europ\u00e4ischen Referenzrahmen.\" \/>\n<meta property=\"og:url\" content=\"https:\/\/ikivienna.at\/bs\/einstufungstest\/\" \/>\n<meta property=\"og:site_name\" content=\"IKI kursevi njema\u010dkog jezika u Be\u010du - u\u010denje njema\u010dkog jezika u Be\u010du\" \/>\n<meta property=\"article:publisher\" content=\"https:\/\/www.facebook.com\/internationaleskulturinstitut\" \/>\n<meta property=\"article:modified_time\" content=\"2025-04-22T10:54:00+00:00\" \/>\n<meta name=\"twitter:card\" content=\"summary_large_image\" \/>\n<script type=\"application\/ld+json\" class=\"yoast-schema-graph\">{\"@context\":\"https:\/\/schema.org\",\"@graph\":[{\"@type\":\"WebSite\",\"@id\":\"https:\/\/ikivienna.at\/#website\",\"url\":\"https:\/\/ikivienna.at\/\",\"name\":\"IKI kursevi njema\\u010dkog jezika u Be\\u010du - u\\u010denje njema\\u010dkog jezika u Be\\u010du\",\"description\":\"IKI Internationales Kulturinstitut - \\u0161kola jezika\",\"potentialAction\":[{\"@type\":\"SearchAction\",\"target\":{\"@type\":\"EntryPoint\",\"urlTemplate\":\"https:\/\/ikivienna.at\/?s={search_term_string}\"},\"query-input\":\"required name=search_term_string\"}],\"inLanguage\":\"bs-BA\"},{\"@type\":\"WebPage\",\"@id\":\"https:\/\/ikivienna.at\/bs\/einstufungstest\/#webpage\",\"url\":\"https:\/\/ikivienna.at\/bs\/einstufungstest\/\",\"name\":\"Test plasmana - IKI kursevi njema\\u010dkog jezika u Be\\u010du - u\\u010denje njema\\u010dkog jezika u Be\\u010du\",\"isPartOf\":{\"@id\":\"https:\/\/ikivienna.at\/#website\"},\"datePublished\":\"2019-06-16T14:24:23+00:00\",\"dateModified\":\"2025-04-22T10:54:00+00:00\",\"description\":\"Mit dem IKI-Einstufungstest finden wir den richtigen Kurs f\\u00fcr dein Sprachniveau von A1.1 bis Level C1 nach dem europ\\u00e4ischen Referenzrahmen.\",\"breadcrumb\":{\"@id\":\"https:\/\/ikivienna.at\/bs\/einstufungstest\/#breadcrumb\"},\"inLanguage\":\"bs-BA\",\"potentialAction\":[{\"@type\":\"ReadAction\",\"target\":[\"https:\/\/ikivienna.at\/bs\/einstufungstest\/\"]}]},{\"@type\":\"BreadcrumbList\",\"@id\":\"https:\/\/ikivienna.at\/bs\/einstufungstest\/#breadcrumb\",\"itemListElement\":[{\"@type\":\"ListItem\",\"position\":1,\"name\":\"Home\",\"item\":\"https:\/\/ikivienna.at\/bs\/\"},{\"@type\":\"ListItem\",\"position\":2,\"name\":\"Test plasmana\"}]}]}<\/script>\n<!-- \/ Yoast SEO plugin. -->","yoast_head_json":{"title":"Test plasmana - IKI kursevi njema\u010dkog jezika u Be\u010du - u\u010denje njema\u010dkog jezika u Be\u010du","description":"Mit dem IKI-Einstufungstest finden wir den richtigen Kurs f\u00fcr dein Sprachniveau von A1.1 bis Level C1 nach dem europ\u00e4ischen Referenzrahmen.","robots":{"index":"index","follow":"follow","max-snippet":"max-snippet:-1","max-image-preview":"max-image-preview:large","max-video-preview":"max-video-preview:-1"},"canonical":"https:\/\/ikivienna.at\/bs\/einstufungstest\/","og_locale":"bs_BA","og_type":"article","og_title":"Test plasmana - IKI kursevi njema\u010dkog jezika u Be\u010du - u\u010denje njema\u010dkog jezika u Be\u010du","og_description":"Mit dem IKI-Einstufungstest finden wir den richtigen Kurs f\u00fcr dein Sprachniveau von A1.1 bis Level C1 nach dem europ\u00e4ischen Referenzrahmen.","og_url":"https:\/\/ikivienna.at\/bs\/einstufungstest\/","og_site_name":"IKI kursevi njema\u010dkog jezika u Be\u010du - u\u010denje njema\u010dkog jezika u Be\u010du","article_publisher":"https:\/\/www.facebook.com\/internationaleskulturinstitut","article_modified_time":"2025-04-22T10:54:00+00:00","twitter_card":"summary_large_image","schema":{"@context":"https:\/\/schema.org","@graph":[{"@type":"WebSite","@id":"https:\/\/ikivienna.at\/#website","url":"https:\/\/ikivienna.at\/","name":"IKI kursevi njema\u010dkog jezika u Be\u010du - u\u010denje njema\u010dkog jezika u Be\u010du","description":"IKI Internationales Kulturinstitut - \u0161kola jezika","potentialAction":[{"@type":"SearchAction","target":{"@type":"EntryPoint","urlTemplate":"https:\/\/ikivienna.at\/?s={search_term_string}"},"query-input":"required name=search_term_string"}],"inLanguage":"bs-BA"},{"@type":"WebPage","@id":"https:\/\/ikivienna.at\/bs\/einstufungstest\/#webpage","url":"https:\/\/ikivienna.at\/bs\/einstufungstest\/","name":"Test plasmana - IKI kursevi njema\u010dkog jezika u Be\u010du - u\u010denje njema\u010dkog jezika u Be\u010du","isPartOf":{"@id":"https:\/\/ikivienna.at\/#website"},"datePublished":"2019-06-16T14:24:23+00:00","dateModified":"2025-04-22T10:54:00+00:00","description":"Mit dem IKI-Einstufungstest finden wir den richtigen Kurs f\u00fcr dein Sprachniveau von A1.1 bis Level C1 nach dem europ\u00e4ischen Referenzrahmen.","breadcrumb":{"@id":"https:\/\/ikivienna.at\/bs\/einstufungstest\/#breadcrumb"},"inLanguage":"bs-BA","potentialAction":[{"@type":"ReadAction","target":["https:\/\/ikivienna.at\/bs\/einstufungstest\/"]}]},{"@type":"BreadcrumbList","@id":"https:\/\/ikivienna.at\/bs\/einstufungstest\/#breadcrumb","itemListElement":[{"@type":"ListItem","position":1,"name":"Home","item":"https:\/\/ikivienna.at\/bs\/"},{"@type":"ListItem","position":2,"name":"Test plasmana"}]}]}},"_links":{"self":[{"href":"https:\/\/ikivienna.at\/bs\/wp-json\/wp\/v2\/pages\/54074"}],"collection":[{"href":"https:\/\/ikivienna.at\/bs\/wp-json\/wp\/v2\/pages"}],"about":[{"href":"https:\/\/ikivienna.at\/bs\/wp-json\/wp\/v2\/types\/page"}],"author":[{"embeddable":true,"href":"https:\/\/ikivienna.at\/bs\/wp-json\/wp\/v2\/users\/8"}],"replies":[{"embeddable":true,"href":"https:\/\/ikivienna.at\/bs\/wp-json\/wp\/v2\/comments?post=54074"}],"version-history":[{"count":1,"href":"https:\/\/ikivienna.at\/bs\/wp-json\/wp\/v2\/pages\/54074\/revisions"}],"predecessor-version":[{"id":54104,"href":"https:\/\/ikivienna.at\/bs\/wp-json\/wp\/v2\/pages\/54074\/revisions\/54104"}],"wp:attachment":[{"href":"https:\/\/ikivienna.at\/bs\/wp-json\/wp\/v2\/media?parent=54074"}],"curies":[{"name":"wp","href":"https:\/\/api.w.org\/{rel}","templated":true}]}}