{"id":25388,"date":"2019-10-03T15:32:49","date_gmt":"2019-10-03T13:32:49","guid":{"rendered":"http:\/\/ikivienna.at\/upcoming-course-dates\/"},"modified":"2025-08-26T13:32:28","modified_gmt":"2025-08-26T11:32:28","slug":"upcoming-course-dates","status":"publish","type":"page","link":"https:\/\/ikivienna.at\/cs\/upcoming-course-dates\/","title":{"rendered":"Upcoming Course Dates"},"content":{"rendered":"<p>[vc_section][vc_row full_width=&#8220;stretch_row&#8220; overflow=&#8220;default&#8220; css=&#8220;.vc_custom_1742298057772{background-color: #dbe3ef !important;}&#8220;][vc_column]\r\n<div class=\"sh-heading  \" id=\"heading-Lc7sg6u9tZ\">\r\n\t<div class=\"sh-element-margin\">\r\n\r\n\t\t\r\n\t\t\t<h1 class=\"sh-heading-content size-xl text-center\">\r\n\t\t\t\tUpcoming Course Dates\t\t\t<\/h1>\r\n\r\n\t\t\r\n\t<\/div>\r\n<\/div>\r\n            <style type=\"text\/css\">\r\n                #heading-Lc7sg6u9tZ .sh-element-margin {margin: 40px 0px 35px 0px;}#heading-Lc7sg6u9tZ .sh-heading-content {font-weight: 700!important;color: #000000;}#heading-Lc7sg6u9tZ .sh-heading-content,#heading-Lc7sg6u9tZ .sh-heading-additional-text {}            <\/style>\r\n        [\/vc_column][\/vc_row][vc_row][vc_column width=&#8220;1\/3&#8243;]\r\n<div class=\"sh-heading  \" id=\"heading-WL9nrDzsG4\">\r\n\t<div class=\"sh-element-margin\">\r\n\r\n\t\t\r\n\t\t\t<h3 class=\"sh-heading-content size-default text-left\">\r\n\t\t\t\tIntensive German Courses\t\t\t<\/h3>\r\n\r\n\t\t\r\n\t<\/div>\r\n<\/div>\r\n            <style type=\"text\/css\">\r\n                #heading-WL9nrDzsG4 .sh-element-margin {}#heading-WL9nrDzsG4 .sh-heading-content {font-weight: 700!important;}#heading-WL9nrDzsG4 .sh-heading-content,#heading-WL9nrDzsG4 .sh-heading-additional-text {}            <\/style>\r\n        \r\n<div class=\"sh-heading  \" id=\"heading-IbEvKu12Rd\">\r\n\t<div class=\"sh-element-margin\">\r\n\r\n\t\t\r\n\t\t\t<h3 class=\"sh-heading-content size-default text-left\">\r\n\t\t\t\t2025\t\t\t<\/h3>\r\n\r\n\t\t\r\n\t<\/div>\r\n<\/div>\r\n            <style type=\"text\/css\">\r\n                #heading-IbEvKu12Rd .sh-element-margin {}#heading-IbEvKu12Rd .sh-heading-content {font-weight: 700!important;}#heading-IbEvKu12Rd .sh-heading-content,#heading-IbEvKu12Rd .sh-heading-additional-text {}            <\/style>\r\n        [vc_column_text css=&#8220;.vc_custom_1753792730025{margin-top: 20px !important;}&#8220;]<\/p>\n<p><strong>July:<\/strong><br \/>\n07 Jul \u2013 01 Aug 2025<\/p>\n<p><strong>August:<\/strong><br \/>\n04 Aug \u2013 29 Aug 2025<\/p>\n<p><strong>September:<\/strong><br \/>\n01 Sep \u2013 26 Sep 2025<\/p>\n<p><strong>October:<\/strong><br \/>\n29 Sep \u2013 24 Oct 2025<\/p>\n<p><strong>November:<\/strong><br \/>\n27 Oct \u2013 21 Nov 2025<\/p>\n<p><strong>December:<\/strong><br \/>\n24 Nov \u2013 22 Dec 2025<\/p>\n<p>[\/vc_column_text][\/vc_column][vc_column width=&#8220;1\/3&#8243;]\r\n<div class=\"sh-heading  \" id=\"heading-6UtbdqfoGB\">\r\n\t<div class=\"sh-element-margin\">\r\n\r\n\t\t\r\n\t\t\t<h3 class=\"sh-heading-content size-default text-left\">\r\n\t\t\t\tGerman Evening Courses\t\t\t<\/h3>\r\n\r\n\t\t\r\n\t<\/div>\r\n<\/div>\r\n            <style type=\"text\/css\">\r\n                #heading-6UtbdqfoGB .sh-element-margin {}#heading-6UtbdqfoGB .sh-heading-content {font-weight: 700!important;}#heading-6UtbdqfoGB .sh-heading-content,#heading-6UtbdqfoGB .sh-heading-additional-text {}            <\/style>\r\n        \r\n<div class=\"sh-heading  \" id=\"heading-HU6wMZ9mN0\">\r\n\t<div class=\"sh-element-margin\">\r\n\r\n\t\t\r\n\t\t\t<h3 class=\"sh-heading-content size-default text-left\">\r\n\t\t\t\t2025\t\t\t<\/h3>\r\n\r\n\t\t\r\n\t<\/div>\r\n<\/div>\r\n            <style type=\"text\/css\">\r\n                #heading-HU6wMZ9mN0 .sh-element-margin {}#heading-HU6wMZ9mN0 .sh-heading-content {font-weight: 700!important;}#heading-HU6wMZ9mN0 .sh-heading-content,#heading-HU6wMZ9mN0 .sh-heading-additional-text {}            <\/style>\r\n        [vc_column_text css=&#8220;.vc_custom_1753792772922{margin-top: 20px !important;}&#8220;]<\/p>\n<p><strong>Summer (2\u00d75 weeks):<\/strong><br \/>\n17 Jun \u2013 22 Jul 2025<br \/>\nand<br \/>\n01 Sep \u2013 02 Oct 2025<\/p>\n<p><strong>Autumn (10 weeks):<\/strong><br \/>\n06 Oct \u2013 15 Dec 2025<\/p>\n<p>[\/vc_column_text][\/vc_column][vc_column width=&#8220;1\/3&#8243;]\r\n<div class=\"sh-heading  \" id=\"heading-bRsyiB8tTY\">\r\n\t<div class=\"sh-element-margin\">\r\n\r\n\t\t\r\n\t\t\t<h3 class=\"sh-heading-content size-default text-left\">\r\n\t\t\t\t\u00d6SD Exam Preperation Courses\t\t\t<\/h3>\r\n\r\n\t\t\r\n\t<\/div>\r\n<\/div>\r\n            <style type=\"text\/css\">\r\n                #heading-bRsyiB8tTY .sh-element-margin {}#heading-bRsyiB8tTY .sh-heading-content {font-weight: 700!important;}#heading-bRsyiB8tTY .sh-heading-content,#heading-bRsyiB8tTY .sh-heading-additional-text {}            <\/style>\r\n        \r\n<div class=\"sh-heading  \" id=\"heading-Qrbfv7wxSj\">\r\n\t<div class=\"sh-element-margin\">\r\n\r\n\t\t\r\n\t\t\t<h3 class=\"sh-heading-content size-default text-left\">\r\n\t\t\t\t2025\t\t\t<\/h3>\r\n\r\n\t\t\r\n\t<\/div>\r\n<\/div>\r\n            <style type=\"text\/css\">\r\n                #heading-Qrbfv7wxSj .sh-element-margin {}#heading-Qrbfv7wxSj .sh-heading-content {font-weight: 700!important;}#heading-Qrbfv7wxSj .sh-heading-content,#heading-Qrbfv7wxSj .sh-heading-additional-text {}            <\/style>\r\n        [vc_column_text css=&#8220;.vc_custom_1753792804849{margin-top: 20px !important;}&#8220;]<\/p>\n<p><strong>February:<\/strong><br \/>\n05 Feb 2025<\/p>\n<p><strong>April:<\/strong><br \/>\n09 Apr 2025<\/p>\n<p><strong>July:<\/strong><br \/>\n09 Jul 2025<\/p>\n<p><strong>August:<\/strong><br \/>\n06 Aug 2025<\/p>\n<p><strong>October:<\/strong><br \/>\n01 Oct 2025<\/p>\n<p>[\/vc_column_text][\/vc_column][\/vc_row][\/vc_section][vc_row][vc_column width=&#8220;1\/3&#8243;]\r\n<div class=\"sh-heading  \" id=\"heading-R3DWgChJxH\">\r\n\t<div class=\"sh-element-margin\">\r\n\r\n\t\t\r\n\t\t\t<h3 class=\"sh-heading-content size-default text-left\">\r\n\t\t\t\tIntensive German Courses\t\t\t<\/h3>\r\n\r\n\t\t\r\n\t<\/div>\r\n<\/div>\r\n            <style type=\"text\/css\">\r\n                #heading-R3DWgChJxH .sh-element-margin {}#heading-R3DWgChJxH .sh-heading-content {font-weight: 700!important;}#heading-R3DWgChJxH .sh-heading-content,#heading-R3DWgChJxH .sh-heading-additional-text {}            <\/style>\r\n        \r\n<div class=\"sh-heading  \" id=\"heading-khwqrTE0yd\">\r\n\t<div class=\"sh-element-margin\">\r\n\r\n\t\t\r\n\t\t\t<h3 class=\"sh-heading-content size-default text-left\">\r\n\t\t\t\t2026\t\t\t<\/h3>\r\n\r\n\t\t\r\n\t<\/div>\r\n<\/div>\r\n            <style type=\"text\/css\">\r\n                #heading-khwqrTE0yd .sh-element-margin {}#heading-khwqrTE0yd .sh-heading-content {font-weight: 700!important;}#heading-khwqrTE0yd .sh-heading-content,#heading-khwqrTE0yd .sh-heading-additional-text {}            <\/style>\r\n        \r\n            \r\n            <div class=\"sh-empty-space vc_empty_space sh-empty-space-txgHZImk4D  \" style=\"height: 15px\">\r\n                <span class=\"vc_empty_space_inner\"><\/span>\r\n            <\/div>\r\n\r\n        [vc_column_text]<\/p>\n<p><strong>January:<\/strong><br \/>\n07 Jan \u2013 03 Feb 2026<\/p>\n<p><strong>February:<\/strong><br \/>\n04 Feb \u2013 03 Mar 2026<\/p>\n<p><strong>March:<\/strong><br \/>\n04 Mar \u2013 31 Mar 2026<\/p>\n<p><strong>April:<\/strong><br \/>\n01 Apr \u2013 29 Apr 2026<\/p>\n<p><strong>May:<\/strong><br \/>\n04 May \u2013 02 Jun 2026<\/p>\n<p><strong>June:<\/strong><br \/>\n08 Jun \u2013 03 Jul 2026<\/p>\n<p><strong>July:<\/strong><br \/>\n06 Jul \u2013 31 Jul 2026<\/p>\n<p><strong>August:<\/strong><br \/>\n03 Aug \u2013 28 Aug 2026<\/p>\n<p><strong>September:<\/strong><br \/>\n31 Aug \u2013 25 Sep 2026<\/p>\n<p><strong>October:<\/strong><br \/>\n28 Sep \u2013 23 Oct 2026<\/p>\n<p><strong>November:<\/strong><br \/>\n27 Oct \u2013 23 Nov 2026<\/p>\n<p><strong>December:<\/strong><br \/>\n24 Nov \u2013 22 Dec 2026<\/p>\n<p>[\/vc_column_text][\/vc_column][vc_column width=&#8220;1\/3&#8243;]\r\n<div class=\"sh-heading  \" id=\"heading-cjbFKhkDaQ\">\r\n\t<div class=\"sh-element-margin\">\r\n\r\n\t\t\r\n\t\t\t<h3 class=\"sh-heading-content size-default text-left\">\r\n\t\t\t\tGerman Evening Courses\t\t\t<\/h3>\r\n\r\n\t\t\r\n\t<\/div>\r\n<\/div>\r\n            <style type=\"text\/css\">\r\n                #heading-cjbFKhkDaQ .sh-element-margin {}#heading-cjbFKhkDaQ .sh-heading-content {font-weight: 700!important;}#heading-cjbFKhkDaQ .sh-heading-content,#heading-cjbFKhkDaQ .sh-heading-additional-text {}            <\/style>\r\n        \r\n<div class=\"sh-heading  \" id=\"heading-s5Ep31RunM\">\r\n\t<div class=\"sh-element-margin\">\r\n\r\n\t\t\r\n\t\t\t<h3 class=\"sh-heading-content size-default text-left\">\r\n\t\t\t\t2026\t\t\t<\/h3>\r\n\r\n\t\t\r\n\t<\/div>\r\n<\/div>\r\n            <style type=\"text\/css\">\r\n                #heading-s5Ep31RunM .sh-element-margin {}#heading-s5Ep31RunM .sh-heading-content {font-weight: 700!important;}#heading-s5Ep31RunM .sh-heading-content,#heading-s5Ep31RunM .sh-heading-additional-text {}            <\/style>\r\n        \r\n            \r\n            <div class=\"sh-empty-space vc_empty_space sh-empty-space-Njy91hW8pE  \" style=\"height: 15px\">\r\n                <span class=\"vc_empty_space_inner\"><\/span>\r\n            <\/div>\r\n\r\n        [vc_column_text]<strong>Winter (10 weeks):<\/strong><br \/>\n12 Jan \u2013 19 Mar 2026<\/p>\n<p><strong>Spring (10 weeks):<\/strong><br \/>\n23 Mar \u2013 03 June 2026<\/p>\n<p><strong>Summer (5 weeks):<\/strong><br \/>\n15 Jun \u2013 16 Jul 2026<br \/>\nand<br \/>\n31 Aug \u2013 01 Oct 2026<\/p>\n<p><strong>Autumn (10 weeks):<\/strong><br \/>\n07 Oct \u2013 17 Dec 2026[\/vc_column_text][\/vc_column][vc_column width=&#8220;1\/3&#8243;]\r\n<div class=\"sh-heading  \" id=\"heading-BPFrEVNyw9\">\r\n\t<div class=\"sh-element-margin\">\r\n\r\n\t\t\r\n\t\t\t<h3 class=\"sh-heading-content size-default text-left\">\r\n\t\t\t\t\u00d6SD Exam Preperation Courses\t\t\t<\/h3>\r\n\r\n\t\t\r\n\t<\/div>\r\n<\/div>\r\n            <style type=\"text\/css\">\r\n                #heading-BPFrEVNyw9 .sh-element-margin {}#heading-BPFrEVNyw9 .sh-heading-content {font-weight: 700!important;}#heading-BPFrEVNyw9 .sh-heading-content,#heading-BPFrEVNyw9 .sh-heading-additional-text {}            <\/style>\r\n        \r\n<div class=\"sh-heading  \" id=\"heading-GFNKVaeTB8\">\r\n\t<div class=\"sh-element-margin\">\r\n\r\n\t\t\r\n\t\t\t<h3 class=\"sh-heading-content size-default text-left\">\r\n\t\t\t\t2026\t\t\t<\/h3>\r\n\r\n\t\t\r\n\t<\/div>\r\n<\/div>\r\n            <style type=\"text\/css\">\r\n                #heading-GFNKVaeTB8 .sh-element-margin {}#heading-GFNKVaeTB8 .sh-heading-content {font-weight: 700!important;}#heading-GFNKVaeTB8 .sh-heading-content,#heading-GFNKVaeTB8 .sh-heading-additional-text {}            <\/style>\r\n        \r\n            \r\n            <div class=\"sh-empty-space vc_empty_space sh-empty-space-ZYEv71BnKb  \" style=\"height: 15px\">\r\n                <span class=\"vc_empty_space_inner\"><\/span>\r\n            <\/div>\r\n\r\n        [vc_column_text]The dates are currently being processed.[\/vc_column_text][\/vc_column][\/vc_row]<\/p>\n","protected":false},"excerpt":{"rendered":"<p>[vc_section][vc_row full_width=&#8220;stretch_row&#8220; overflow=&#8220;default&#8220; css=&#8220;.vc_custom_1742298057772{background-color: #dbe3ef !important;}&#8220;][vc_column] Upcoming Course Dates [\/vc_column][\/vc_row][vc_row][vc_column width=&#8220;1\/3&#8243;] Intensive German Courses 2025 [vc_column_text css=&#8220;.vc_custom_1753792730025{margin-top: 20px !important;}&#8220;] July: 07 Jul \u2013 01 Aug 2025 August: 04 Aug \u2013 29 Aug 2025 September: 01 Sep \u2013 26 Sep 2025 October: 29 Sep \u2013 24&#8230;<\/p>\n","protected":false},"author":8,"featured_media":0,"parent":0,"menu_order":0,"comment_status":"closed","ping_status":"closed","template":"","meta":[],"acf":[],"yoast_head":"<!-- This site is optimized with the Yoast SEO plugin v17.0 - https:\/\/yoast.com\/wordpress\/plugins\/seo\/ -->\n<title>Upcoming Course Dates - Kurzy n\u011bm\u010diny IKI - v\u00fduka n\u011bm\u010diny ve V\u00eddni<\/title>\n<meta name=\"description\" content=\"All our upcoming course dates during the current year.\" \/>\n<meta name=\"robots\" content=\"index, follow, max-snippet:-1, max-image-preview:large, max-video-preview:-1\" \/>\n<link rel=\"canonical\" href=\"https:\/\/ikivienna.at\/cs\/upcoming-course-dates\/\" \/>\n<meta property=\"og:locale\" content=\"cs_CZ\" \/>\n<meta property=\"og:type\" content=\"article\" \/>\n<meta property=\"og:title\" content=\"Upcoming Course Dates - Kurzy n\u011bm\u010diny IKI - v\u00fduka n\u011bm\u010diny ve V\u00eddni\" \/>\n<meta property=\"og:description\" content=\"All our upcoming course dates during the current year.\" \/>\n<meta property=\"og:url\" content=\"https:\/\/ikivienna.at\/cs\/upcoming-course-dates\/\" \/>\n<meta property=\"og:site_name\" content=\"Kurzy n\u011bm\u010diny IKI - v\u00fduka n\u011bm\u010diny ve V\u00eddni\" \/>\n<meta property=\"article:publisher\" content=\"https:\/\/www.facebook.com\/internationaleskulturinstitut\" \/>\n<meta property=\"article:modified_time\" content=\"2025-08-26T11:32:28+00:00\" \/>\n<meta name=\"twitter:card\" content=\"summary_large_image\" \/>\n<meta name=\"twitter:label1\" content=\"Odhadovan\u00e1 doba \u010dten\u00ed\" \/>\n\t<meta name=\"twitter:data1\" content=\"2 minuty\" \/>\n<script type=\"application\/ld+json\" class=\"yoast-schema-graph\">{\"@context\":\"https:\/\/schema.org\",\"@graph\":[{\"@type\":\"WebSite\",\"@id\":\"https:\/\/ikivienna.at\/#website\",\"url\":\"https:\/\/ikivienna.at\/\",\"name\":\"Kurzy n\\u011bm\\u010diny IKI - v\\u00fduka n\\u011bm\\u010diny ve V\\u00eddni\",\"description\":\"IKI Internationales Kulturinstitut - Jazykov\\u00e1 \\u0161kola\",\"potentialAction\":[{\"@type\":\"SearchAction\",\"target\":{\"@type\":\"EntryPoint\",\"urlTemplate\":\"https:\/\/ikivienna.at\/?s={search_term_string}\"},\"query-input\":\"required name=search_term_string\"}],\"inLanguage\":\"cs\"},{\"@type\":\"WebPage\",\"@id\":\"https:\/\/ikivienna.at\/cs\/upcoming-course-dates\/#webpage\",\"url\":\"https:\/\/ikivienna.at\/cs\/upcoming-course-dates\/\",\"name\":\"Upcoming Course Dates - Kurzy n\\u011bm\\u010diny IKI - v\\u00fduka n\\u011bm\\u010diny ve V\\u00eddni\",\"isPartOf\":{\"@id\":\"https:\/\/ikivienna.at\/#website\"},\"datePublished\":\"2019-10-03T13:32:49+00:00\",\"dateModified\":\"2025-08-26T11:32:28+00:00\",\"description\":\"All our upcoming course dates during the current year.\",\"breadcrumb\":{\"@id\":\"https:\/\/ikivienna.at\/cs\/upcoming-course-dates\/#breadcrumb\"},\"inLanguage\":\"cs\",\"potentialAction\":[{\"@type\":\"ReadAction\",\"target\":[\"https:\/\/ikivienna.at\/cs\/upcoming-course-dates\/\"]}]},{\"@type\":\"BreadcrumbList\",\"@id\":\"https:\/\/ikivienna.at\/cs\/upcoming-course-dates\/#breadcrumb\",\"itemListElement\":[{\"@type\":\"ListItem\",\"position\":1,\"name\":\"Dom\\u016f\",\"item\":\"https:\/\/ikivienna.at\/cs\/\"},{\"@type\":\"ListItem\",\"position\":2,\"name\":\"Upcoming Course Dates\"}]}]}<\/script>\n<!-- \/ Yoast SEO plugin. -->","yoast_head_json":{"title":"Upcoming Course Dates - Kurzy n\u011bm\u010diny IKI - v\u00fduka n\u011bm\u010diny ve V\u00eddni","description":"All our upcoming course dates during the current year.","robots":{"index":"index","follow":"follow","max-snippet":"max-snippet:-1","max-image-preview":"max-image-preview:large","max-video-preview":"max-video-preview:-1"},"canonical":"https:\/\/ikivienna.at\/cs\/upcoming-course-dates\/","og_locale":"cs_CZ","og_type":"article","og_title":"Upcoming Course Dates - Kurzy n\u011bm\u010diny IKI - v\u00fduka n\u011bm\u010diny ve V\u00eddni","og_description":"All our upcoming course dates during the current year.","og_url":"https:\/\/ikivienna.at\/cs\/upcoming-course-dates\/","og_site_name":"Kurzy n\u011bm\u010diny IKI - v\u00fduka n\u011bm\u010diny ve V\u00eddni","article_publisher":"https:\/\/www.facebook.com\/internationaleskulturinstitut","article_modified_time":"2025-08-26T11:32:28+00:00","twitter_card":"summary_large_image","twitter_misc":{"Odhadovan\u00e1 doba \u010dten\u00ed":"2 minuty"},"schema":{"@context":"https:\/\/schema.org","@graph":[{"@type":"WebSite","@id":"https:\/\/ikivienna.at\/#website","url":"https:\/\/ikivienna.at\/","name":"Kurzy n\u011bm\u010diny IKI - v\u00fduka n\u011bm\u010diny ve V\u00eddni","description":"IKI Internationales Kulturinstitut - Jazykov\u00e1 \u0161kola","potentialAction":[{"@type":"SearchAction","target":{"@type":"EntryPoint","urlTemplate":"https:\/\/ikivienna.at\/?s={search_term_string}"},"query-input":"required name=search_term_string"}],"inLanguage":"cs"},{"@type":"WebPage","@id":"https:\/\/ikivienna.at\/cs\/upcoming-course-dates\/#webpage","url":"https:\/\/ikivienna.at\/cs\/upcoming-course-dates\/","name":"Upcoming Course Dates - Kurzy n\u011bm\u010diny IKI - v\u00fduka n\u011bm\u010diny ve V\u00eddni","isPartOf":{"@id":"https:\/\/ikivienna.at\/#website"},"datePublished":"2019-10-03T13:32:49+00:00","dateModified":"2025-08-26T11:32:28+00:00","description":"All our upcoming course dates during the current year.","breadcrumb":{"@id":"https:\/\/ikivienna.at\/cs\/upcoming-course-dates\/#breadcrumb"},"inLanguage":"cs","potentialAction":[{"@type":"ReadAction","target":["https:\/\/ikivienna.at\/cs\/upcoming-course-dates\/"]}]},{"@type":"BreadcrumbList","@id":"https:\/\/ikivienna.at\/cs\/upcoming-course-dates\/#breadcrumb","itemListElement":[{"@type":"ListItem","position":1,"name":"Dom\u016f","item":"https:\/\/ikivienna.at\/cs\/"},{"@type":"ListItem","position":2,"name":"Upcoming Course Dates"}]}]}},"_links":{"self":[{"href":"https:\/\/ikivienna.at\/cs\/wp-json\/wp\/v2\/pages\/25388"}],"collection":[{"href":"https:\/\/ikivienna.at\/cs\/wp-json\/wp\/v2\/pages"}],"about":[{"href":"https:\/\/ikivienna.at\/cs\/wp-json\/wp\/v2\/types\/page"}],"author":[{"embeddable":true,"href":"https:\/\/ikivienna.at\/cs\/wp-json\/wp\/v2\/users\/8"}],"replies":[{"embeddable":true,"href":"https:\/\/ikivienna.at\/cs\/wp-json\/wp\/v2\/comments?post=25388"}],"version-history":[{"count":14,"href":"https:\/\/ikivienna.at\/cs\/wp-json\/wp\/v2\/pages\/25388\/revisions"}],"predecessor-version":[{"id":61172,"href":"https:\/\/ikivienna.at\/cs\/wp-json\/wp\/v2\/pages\/25388\/revisions\/61172"}],"wp:attachment":[{"href":"https:\/\/ikivienna.at\/cs\/wp-json\/wp\/v2\/media?parent=25388"}],"curies":[{"name":"wp","href":"https:\/\/api.w.org\/{rel}","templated":true}]}}