{"id":4069,"date":"2019-08-13T16:27:24","date_gmt":"2019-08-13T14:27:24","guid":{"rendered":"https:\/\/ikivienna.at\/?page_id=4069"},"modified":"2025-10-30T10:06:23","modified_gmt":"2025-10-30T09:06:23","slug":"austrian-german-language-diploma-exam","status":"publish","type":"page","link":"https:\/\/ikivienna.at\/en\/austrian-german-language-diploma-exam\/","title":{"rendered":"Austrian language diploma"},"content":{"rendered":"<p>[vc_row overflow=&#8221;default&#8221; css=&#8221;.vc_custom_1665660060690{padding-top: 25px !important;}&#8221;][vc_column]\r\n<div class=\"sh-heading  \" id=\"heading-MxqEas3uto\">\r\n\t<div class=\"sh-element-margin\">\r\n\r\n\t\t\r\n\t\t\t<h1 class=\"sh-heading-content size-xl text-center\">\r\n\t\t\t\tThe Austrian German Language Diploma\t\t\t<\/h1>\r\n\r\n\t\t\r\n\t<\/div>\r\n<\/div>\r\n            <style type=\"text\/css\">\r\n                #heading-MxqEas3uto .sh-element-margin {margin: 40px 0px 35px 0px;}#heading-MxqEas3uto .sh-heading-content {font-weight: 700!important;color: #000000;}#heading-MxqEas3uto .sh-heading-content,#heading-MxqEas3uto .sh-heading-additional-text {}            <\/style>\r\n        [\/vc_column][\/vc_row][vc_row][vc_column width=&#8221;2\/3&#8243;]\r\n<div class=\"sh-heading  \" id=\"heading-W3mgxARHPo\">\r\n\t<div class=\"sh-element-margin\">\r\n\r\n\t\t\r\n\t\t\t<h3 class=\"sh-heading-content size-default text-left\">\r\n\t\t\t\tAustrian Language Diploma (\u00d6SD) \u2013 Your German Exam\t\t\t<\/h3>\r\n\r\n\t\t\r\n\t<\/div>\r\n<\/div>\r\n            <style type=\"text\/css\">\r\n                #heading-W3mgxARHPo .sh-element-margin {margin: 25px 0px 15px 0px;}#heading-W3mgxARHPo .sh-heading-content {font-weight: 700!important;}#heading-W3mgxARHPo .sh-heading-content,#heading-W3mgxARHPo .sh-heading-additional-text {}            <\/style>\r\n        [vc_column_text el_class=&#8221;subheadspace&#8221;]Get your <a href=\"https:\/\/www.osd.at\/\"><strong data-start=\"275\" data-end=\"310\">Austrian Language Diploma (\u00d6SD)<\/strong><\/a> as an official proof of your German proficiency!<br data-start=\"359\" data-end=\"362\" \/>IKI is a recognised and certified \u00d6SD examination centre. Your \u00d6SD certificate is accepted by universities, authorities, and employers.<\/p>\n<p data-start=\"501\" data-end=\"612\">\ud83d\udc49 The validity of the certificate and whether a full certificate is required depends on the institution.<\/p>\n<p>[\/vc_column_text][\/vc_column][vc_column width=&#8221;1\/3&#8243;][vc_single_image image=&#8221;33565&#8243; img_size=&#8221;full&#8221; css=&#8221;.vc_custom_1742301382563{margin-top: 25px !important;}&#8221;][\/vc_column][\/vc_row][vc_section full_width=&#8221;stretch_row&#8221; css=&#8221;.vc_custom_1671792316779{background-color: #efefef !important;}&#8221;][vc_row][vc_column]\r\n<div class=\"sh-heading  \" id=\"heading-bnLDmaRTlC\">\r\n\t<div class=\"sh-element-margin\">\r\n\r\n\t\t\r\n\t\t\t<h1 class=\"sh-heading-content size-xl text-center\">\r\n\t\t\t\t\u00d6SD Preparation &amp; Exams\t\t\t<\/h1>\r\n\r\n\t\t\r\n\t<\/div>\r\n<\/div>\r\n            <style type=\"text\/css\">\r\n                #heading-bnLDmaRTlC .sh-element-margin {}#heading-bnLDmaRTlC .sh-heading-content {font-weight: 700!important;color: #000000;}#heading-bnLDmaRTlC .sh-heading-content,#heading-bnLDmaRTlC .sh-heading-additional-text {}            <\/style>\r\n        [\/vc_column][\/vc_row][vc_row overflow=&#8221;default&#8221; css=&#8221;.vc_custom_1671792443668{margin-top: -10px !important;margin-left: 7px !important;}&#8221;][vc_column width=&#8221;1\/2&#8243; overflow=&#8221;default&#8221; css=&#8221;.vc_custom_1666704430349{margin-left: -7px !important;}&#8221;]\r\n<div class=\"sh-heading  \" id=\"heading-7xATdtQXuR\">\r\n\t<div class=\"sh-element-margin\">\r\n\r\n\t\t\r\n\t\t\t<h3 class=\"sh-heading-content size-default text-left\">\r\n\t\t\t\tAre you fit for the \u00d6SD exam?\t\t\t<\/h3>\r\n\r\n\t\t\r\n\t<\/div>\r\n<\/div>\r\n            <style type=\"text\/css\">\r\n                #heading-7xATdtQXuR .sh-element-margin {}#heading-7xATdtQXuR .sh-heading-content {font-weight: 700!important;}#heading-7xATdtQXuR .sh-heading-content,#heading-7xATdtQXuR .sh-heading-additional-text {}            <\/style>\r\n        [vc_column_text el_class=&#8221;subheadspace&#8221;]Test yourself. Try a model test on <a href=\"https:\/\/einstufungstest.osd.at\/\">www.osd.at<\/a>.<\/p>\n<p>With our <a href=\"https:\/\/ikivienna.at\/en\/german-courses\/oesd-exam-preparation-courses\/\">\u00d6SD preparation courses<\/a>, you can get ready for the \u00d6SD exam.<br \/>\n<a class=\"stronglink\" style=\"color: #1ba7d6; font-weight: bold;\" href=\"https:\/\/ikivienna.at\/en\/german-courses\/oesd-exam-preparation-courses\/\">REGISTER NOW &gt;&gt;<\/a>[\/vc_column_text][\/vc_column][vc_column width=&#8221;1\/2&#8243;]\r\n<div class=\"sh-heading  \" id=\"heading-53lDhMeXB7\">\r\n\t<div class=\"sh-element-margin\">\r\n\r\n\t\t\r\n\t\t\t<h3 class=\"sh-heading-content size-default text-left\">\r\n\t\t\t\t\u00d6SD Exam Dates\t\t\t<\/h3>\r\n\r\n\t\t\r\n\t<\/div>\r\n<\/div>\r\n            <style type=\"text\/css\">\r\n                #heading-53lDhMeXB7 .sh-element-margin {}#heading-53lDhMeXB7 .sh-heading-content {font-weight: 700!important;}#heading-53lDhMeXB7 .sh-heading-content,#heading-53lDhMeXB7 .sh-heading-additional-text {}            <\/style>\r\n        [vc_column_text el_class=&#8221;subheadspace&#8221;]February 21st, April 25th, July 25th, September 19th, and November 21st, 2026.[\/vc_column_text][\/vc_column][\/vc_row][\/vc_section][vc_row overflow=&#8221;default&#8221; css=&#8221;.vc_custom_1742302783157{margin-top: 50px !important;}&#8221;][vc_column]\r\n<div class=\"sh-heading  \" id=\"heading-nPJ5yrU87i\">\r\n\t<div class=\"sh-element-margin\">\r\n\r\n\t\t\r\n\t\t\t<h1 class=\"sh-heading-content size-xl text-center\">\r\n\t\t\t\tFees for \u00d6SD exams\t\t\t<\/h1>\r\n\r\n\t\t\r\n\t<\/div>\r\n<\/div>\r\n            <style type=\"text\/css\">\r\n                #heading-nPJ5yrU87i .sh-element-margin {}#heading-nPJ5yrU87i .sh-heading-content {font-weight: 700!important;color: #000000;}#heading-nPJ5yrU87i .sh-heading-content,#heading-nPJ5yrU87i .sh-heading-additional-text {}            <\/style>\r\n        [\/vc_column][\/vc_row][vc_row gap=&#8221;20&#8243; overflow=&#8221;default&#8221;][vc_column width=&#8221;1\/2&#8243; overflow=&#8221;default&#8221; css=&#8221;.vc_custom_1666695519896{background-color: #fae3e0 !important;}&#8221;][vc_column_text css=&#8221;.vc_custom_1696422143897{margin-top: -25px !important;margin-bottom: 15px !important;}&#8221;]<strong>\u00d6SD certificate single module<\/strong><br \/>\n\u20ac 85[\/vc_column_text][\/vc_column][vc_column width=&#8221;1\/2&#8243; overflow=&#8221;default&#8221; css=&#8221;.vc_custom_1666695034014{background-color: #c9defc !important;}&#8221;][vc_column_text css=&#8221;.vc_custom_1696422167534{margin-top: -25px !important;margin-bottom: 15px !important;}&#8221;]<strong>\u00d6SD certifikate B1<\/strong><br \/>\n\u20ac 220[\/vc_column_text][\/vc_column][\/vc_row][vc_row gap=&#8221;20&#8243; overflow=&#8221;default&#8221;][vc_column width=&#8221;1\/2&#8243; overflow=&#8221;default&#8221; css=&#8221;.vc_custom_1666694535926{background-color: #c9defc !important;}&#8221;][vc_column_text css=&#8221;.vc_custom_1696422176533{margin-top: -25px !important;margin-bottom: 15px !important;}&#8221;]<strong>\u00d6SD certifikate B2<\/strong><br \/>\n\u20ac 230[\/vc_column_text][\/vc_column][vc_column width=&#8221;1\/2&#8243; overflow=&#8221;default&#8221; css=&#8221;.vc_custom_1666694596810{background-color: #c9defc !important;}&#8221;][vc_column_text css=&#8221;.vc_custom_1696422185305{margin-top: -25px !important;margin-bottom: 15px !important;}&#8221;]<strong>\u00d6SD certifikate C1<\/strong><br \/>\n\u20ac 250[\/vc_column_text][\/vc_column][\/vc_row][vc_section full_width=&#8221;stretch_row&#8221; css=&#8221;.vc_custom_1678804213518{background-color: #dbe3ef !important;}&#8221;][vc_row overflow=&#8221;default&#8221; css=&#8221;.vc_custom_1671792561435{margin-left: 7px !important;}&#8221;][vc_column width=&#8221;1\/2&#8243; overflow=&#8221;default&#8221; css=&#8221;.vc_custom_1666704439605{margin-left: -7px !important;}&#8221;]\r\n<div class=\"sh-heading  \" id=\"heading-Tfwi4JZGnb\">\r\n\t<div class=\"sh-element-margin\">\r\n\r\n\t\t\r\n\t\t\t<h3 class=\"sh-heading-content size-default text-left\">\r\n\t\t\t\tCertificates for the \u00d6SD language diploma\t\t\t<\/h3>\r\n\r\n\t\t\r\n\t<\/div>\r\n<\/div>\r\n            <style type=\"text\/css\">\r\n                #heading-Tfwi4JZGnb .sh-element-margin {}#heading-Tfwi4JZGnb .sh-heading-content {font-weight: 700!important;}#heading-Tfwi4JZGnb .sh-heading-content,#heading-Tfwi4JZGnb .sh-heading-additional-text {}            <\/style>\r\n        [vc_column_text el_class=&#8221;subheadspace&#8221;]You will receive the result within 2 weeks, the certificate itself approx. 4 weeks after the exam. <strong>You can then pick up your certificate from our office within 2 months.<\/strong>[\/vc_column_text][\/vc_column][vc_column width=&#8221;1\/2&#8243;]\r\n<div class=\"sh-heading  \" id=\"heading-RbftB4N0YM\">\r\n\t<div class=\"sh-element-margin\">\r\n\r\n\t\t\r\n\t\t\t<h3 class=\"sh-heading-content size-default text-left\">\r\n\t\t\t\tDo you want to cancel or postpone your \u00d6SD exam date?\t\t\t<\/h3>\r\n\r\n\t\t\r\n\t<\/div>\r\n<\/div>\r\n            <style type=\"text\/css\">\r\n                #heading-RbftB4N0YM .sh-element-margin {}#heading-RbftB4N0YM .sh-heading-content {font-weight: 700!important;}#heading-RbftB4N0YM .sh-heading-content,#heading-RbftB4N0YM .sh-heading-additional-text {}            <\/style>\r\n        [vc_column_text el_class=&#8221;subheadspace&#8221;]An exam postponement or cancellation is possible up to one week prior to the scheduled exam date. A processing fee of \u20ac30 will be deducted.[\/vc_column_text][\/vc_column][\/vc_row][\/vc_section][vc_row][vc_column]\r\n            \r\n            <div class=\"sh-empty-space vc_empty_space sh-empty-space-FB7jMsNqWZ  \" style=\"height: 10px\">\r\n                <span class=\"vc_empty_space_inner\"><\/span>\r\n            <\/div>\r\n\r\n        [\/vc_column][\/vc_row]<\/p>\n","protected":false},"excerpt":{"rendered":"<p>[vc_row overflow=&#8221;default&#8221; css=&#8221;.vc_custom_1665660060690{padding-top: 25px !important;}&#8221;][vc_column] The Austrian German Language Diploma [\/vc_column][\/vc_row][vc_row][vc_column width=&#8221;2\/3&#8243;] Austrian Language Diploma (\u00d6SD) \u2013 Your German Exam [vc_column_text el_class=&#8221;subheadspace&#8221;]Get your Austrian Language Diploma (\u00d6SD) as an official proof of your German proficiency!IKI is a recognised and certified \u00d6SD examination centre. Your \u00d6SD&#8230;<\/p>\n","protected":false},"author":8,"featured_media":0,"parent":0,"menu_order":0,"comment_status":"closed","ping_status":"closed","template":"","meta":[],"acf":[],"yoast_head":"<!-- This site is optimized with the Yoast SEO plugin v17.0 - https:\/\/yoast.com\/wordpress\/plugins\/seo\/ -->\n<title>Austrian language diploma - IKI German courses - learn German in Vienna<\/title>\n<meta name=\"description\" content=\"IKI is an accredited &amp; certified examination centre for the Austrian German Language Diploma. We offer \u00d6SD preparation courses for \u20ac 120, -.\" \/>\n<meta name=\"robots\" content=\"index, follow, max-snippet:-1, max-image-preview:large, max-video-preview:-1\" \/>\n<link rel=\"canonical\" href=\"https:\/\/ikivienna.at\/en\/austrian-german-language-diploma-exam\/\" \/>\n<meta property=\"og:locale\" content=\"en_US\" \/>\n<meta property=\"og:type\" content=\"article\" \/>\n<meta property=\"og:title\" content=\"Austrian language diploma - IKI German courses - learn German in Vienna\" \/>\n<meta property=\"og:description\" content=\"IKI is an accredited &amp; certified examination centre for the Austrian German Language Diploma. We offer \u00d6SD preparation courses for \u20ac 120, -.\" \/>\n<meta property=\"og:url\" content=\"https:\/\/ikivienna.at\/en\/austrian-german-language-diploma-exam\/\" \/>\n<meta property=\"og:site_name\" content=\"IKI German courses - learn German in Vienna\" \/>\n<meta property=\"article:publisher\" content=\"https:\/\/www.facebook.com\/internationaleskulturinstitut\" \/>\n<meta property=\"article:modified_time\" content=\"2025-10-30T09:06:23+00:00\" \/>\n<meta name=\"twitter:card\" content=\"summary_large_image\" \/>\n<meta name=\"twitter:label1\" content=\"Est. reading time\" \/>\n\t<meta name=\"twitter:data1\" content=\"2 minutes\" \/>\n<script type=\"application\/ld+json\" class=\"yoast-schema-graph\">{\"@context\":\"https:\/\/schema.org\",\"@graph\":[{\"@type\":\"WebSite\",\"@id\":\"https:\/\/ikivienna.at\/#website\",\"url\":\"https:\/\/ikivienna.at\/\",\"name\":\"IKI German courses - learn German in Vienna\",\"description\":\"IKI International Cultural Institute and language school\",\"potentialAction\":[{\"@type\":\"SearchAction\",\"target\":{\"@type\":\"EntryPoint\",\"urlTemplate\":\"https:\/\/ikivienna.at\/?s={search_term_string}\"},\"query-input\":\"required name=search_term_string\"}],\"inLanguage\":\"en-US\"},{\"@type\":\"WebPage\",\"@id\":\"https:\/\/ikivienna.at\/en\/austrian-german-language-diploma-exam\/#webpage\",\"url\":\"https:\/\/ikivienna.at\/en\/austrian-german-language-diploma-exam\/\",\"name\":\"Austrian language diploma - IKI German courses - learn German in Vienna\",\"isPartOf\":{\"@id\":\"https:\/\/ikivienna.at\/#website\"},\"datePublished\":\"2019-08-13T14:27:24+00:00\",\"dateModified\":\"2025-10-30T09:06:23+00:00\",\"description\":\"IKI is an accredited & certified examination centre for the Austrian German Language Diploma. We offer \\u00d6SD preparation courses for \\u20ac 120, -.\",\"breadcrumb\":{\"@id\":\"https:\/\/ikivienna.at\/en\/austrian-german-language-diploma-exam\/#breadcrumb\"},\"inLanguage\":\"en-US\",\"potentialAction\":[{\"@type\":\"ReadAction\",\"target\":[\"https:\/\/ikivienna.at\/en\/austrian-german-language-diploma-exam\/\"]}]},{\"@type\":\"BreadcrumbList\",\"@id\":\"https:\/\/ikivienna.at\/en\/austrian-german-language-diploma-exam\/#breadcrumb\",\"itemListElement\":[{\"@type\":\"ListItem\",\"position\":1,\"name\":\"Home\",\"item\":\"https:\/\/ikivienna.at\/en\/\"},{\"@type\":\"ListItem\",\"position\":2,\"name\":\"Austrian language diploma\"}]}]}<\/script>\n<!-- \/ Yoast SEO plugin. -->","yoast_head_json":{"title":"Austrian language diploma - IKI German courses - learn German in Vienna","description":"IKI is an accredited & certified examination centre for the Austrian German Language Diploma. We offer \u00d6SD preparation courses for \u20ac 120, -.","robots":{"index":"index","follow":"follow","max-snippet":"max-snippet:-1","max-image-preview":"max-image-preview:large","max-video-preview":"max-video-preview:-1"},"canonical":"https:\/\/ikivienna.at\/en\/austrian-german-language-diploma-exam\/","og_locale":"en_US","og_type":"article","og_title":"Austrian language diploma - IKI German courses - learn German in Vienna","og_description":"IKI is an accredited & certified examination centre for the Austrian German Language Diploma. We offer \u00d6SD preparation courses for \u20ac 120, -.","og_url":"https:\/\/ikivienna.at\/en\/austrian-german-language-diploma-exam\/","og_site_name":"IKI German courses - learn German in Vienna","article_publisher":"https:\/\/www.facebook.com\/internationaleskulturinstitut","article_modified_time":"2025-10-30T09:06:23+00:00","twitter_card":"summary_large_image","twitter_misc":{"Est. reading time":"2 minutes"},"schema":{"@context":"https:\/\/schema.org","@graph":[{"@type":"WebSite","@id":"https:\/\/ikivienna.at\/#website","url":"https:\/\/ikivienna.at\/","name":"IKI German courses - learn German in Vienna","description":"IKI International Cultural Institute and language school","potentialAction":[{"@type":"SearchAction","target":{"@type":"EntryPoint","urlTemplate":"https:\/\/ikivienna.at\/?s={search_term_string}"},"query-input":"required name=search_term_string"}],"inLanguage":"en-US"},{"@type":"WebPage","@id":"https:\/\/ikivienna.at\/en\/austrian-german-language-diploma-exam\/#webpage","url":"https:\/\/ikivienna.at\/en\/austrian-german-language-diploma-exam\/","name":"Austrian language diploma - IKI German courses - learn German in Vienna","isPartOf":{"@id":"https:\/\/ikivienna.at\/#website"},"datePublished":"2019-08-13T14:27:24+00:00","dateModified":"2025-10-30T09:06:23+00:00","description":"IKI is an accredited & certified examination centre for the Austrian German Language Diploma. We offer \u00d6SD preparation courses for \u20ac 120, -.","breadcrumb":{"@id":"https:\/\/ikivienna.at\/en\/austrian-german-language-diploma-exam\/#breadcrumb"},"inLanguage":"en-US","potentialAction":[{"@type":"ReadAction","target":["https:\/\/ikivienna.at\/en\/austrian-german-language-diploma-exam\/"]}]},{"@type":"BreadcrumbList","@id":"https:\/\/ikivienna.at\/en\/austrian-german-language-diploma-exam\/#breadcrumb","itemListElement":[{"@type":"ListItem","position":1,"name":"Home","item":"https:\/\/ikivienna.at\/en\/"},{"@type":"ListItem","position":2,"name":"Austrian language diploma"}]}]}},"_links":{"self":[{"href":"https:\/\/ikivienna.at\/en\/wp-json\/wp\/v2\/pages\/4069"}],"collection":[{"href":"https:\/\/ikivienna.at\/en\/wp-json\/wp\/v2\/pages"}],"about":[{"href":"https:\/\/ikivienna.at\/en\/wp-json\/wp\/v2\/types\/page"}],"author":[{"embeddable":true,"href":"https:\/\/ikivienna.at\/en\/wp-json\/wp\/v2\/users\/8"}],"replies":[{"embeddable":true,"href":"https:\/\/ikivienna.at\/en\/wp-json\/wp\/v2\/comments?post=4069"}],"version-history":[{"count":40,"href":"https:\/\/ikivienna.at\/en\/wp-json\/wp\/v2\/pages\/4069\/revisions"}],"predecessor-version":[{"id":63017,"href":"https:\/\/ikivienna.at\/en\/wp-json\/wp\/v2\/pages\/4069\/revisions\/63017"}],"wp:attachment":[{"href":"https:\/\/ikivienna.at\/en\/wp-json\/wp\/v2\/media?parent=4069"}],"curies":[{"name":"wp","href":"https:\/\/api.w.org\/{rel}","templated":true}]}}