{"id":54087,"date":"2019-06-16T16:24:23","date_gmt":"2019-06-16T14:24:23","guid":{"rendered":"https:\/\/ikivienna.at\/einstufungstest\/"},"modified":"2025-04-22T12:58:12","modified_gmt":"2025-04-22T10:58:12","slug":"einstufungstest","status":"publish","type":"page","link":"https:\/\/ikivienna.at\/sk\/einstufungstest\/","title":{"rendered":"Umiest\u0148ovac\u00ed test"},"content":{"rendered":"<p>[vc_row full_width=&#8220;stretch_row_content_no_spaces&#8220; overflow=&#8220;default&#8220; css=&#8220;.vc_custom_1560767099864{background-color: #e2dedb !important;}&#8220;][vc_column][vc_raw_html]JTNDaWZyYW1lJTIwc3R5bGUlM0QlMjJ3aWR0aCUzQSUyMDEwMCUyNSUzQiUyMGhlaWdodCUzQSUyMDQyMDBweCUzQiUyMG92ZXJmbG93JTNBJTIwaGlkZGVuJTNCJTIyJTIwc3JjJTNEJTIyaHR0cHMlM0ElMkYlMkZ3d3cuaWtpYWNhZGVteS5hdCUyRnRlc3QlMjIlMjB3aWR0aCUzRCUyMjEwMCUyMiUyMGhlaWdodCUzRCUyMjEwMCUyMiUyMHNjcm9sbGluZyUzRCUyMm5vJTIyJTIwZnJhbWVib3JkZXIlM0QlMjIwJTIyJTNFJTNDYSUyMGhyZWYlM0QlMjJodHRwcyUzQSUyRiUyRnd3dy5pa2lhY2FkZW15LmF0JTJGdGVzdCUyMiUyMHRhcmdldCUzRCUyMl9ibGFuayUyMiUzQyUyRmElM0VXZW5uJTIwa2VpbiUyMFRlc3QlMjBhbmdlemVpZ3QlMjB3aXJkJTJDJTIwYml0dGUlMjBhdWYlMjBpa2lhY2FkZW15LmF0JTJGdGVzdCUyMHdlY2hzZWxuLiUzQyUyRmElM0UlM0MlMkZpZnJhbWUlM0U=[\/vc_raw_html][\/vc_column][\/vc_row]<\/p>\n","protected":false},"excerpt":{"rendered":"<p>[vc_row full_width=&#8220;stretch_row_content_no_spaces&#8220; overflow=&#8220;default&#8220; css=&#8220;.vc_custom_1560767099864{background-color: #e2dedb !important;}&#8220;][vc_column][vc_raw_html]JTNDaWZyYW1lJTIwc3R5bGUlM0QlMjJ3aWR0aCUzQSUyMDEwMCUyNSUzQiUyMGhlaWdodCUzQSUyMDQyMDBweCUzQiUyMG92ZXJmbG93JTNBJTIwaGlkZGVuJTNCJTIyJTIwc3JjJTNEJTIyaHR0cHMlM0ElMkYlMkZ3d3cuaWtpYWNhZGVteS5hdCUyRnRlc3QlMjIlMjB3aWR0aCUzRCUyMjEwMCUyMiUyMGhlaWdodCUzRCUyMjEwMCUyMiUyMHNjcm9sbGluZyUzRCUyMm5vJTIyJTIwZnJhbWVib3JkZXIlM0QlMjIwJTIyJTNFJTNDYSUyMGhyZWYlM0QlMjJodHRwcyUzQSUyRiUyRnd3dy5pa2lhY2FkZW15LmF0JTJGdGVzdCUyMiUyMHRhcmdldCUzRCUyMl9ibGFuayUyMiUzQyUyRmElM0VXZW5uJTIwa2VpbiUyMFRlc3QlMjBhbmdlemVpZ3QlMjB3aXJkJTJDJTIwYml0dGUlMjBhdWYlMjBpa2lhY2FkZW15LmF0JTJGdGVzdCUyMHdlY2hzZWxuLiUzQyUyRmElM0UlM0MlMkZpZnJhbWUlM0U=[\/vc_raw_html][\/vc_column][\/vc_row]<\/p>\n","protected":false},"author":8,"featured_media":0,"parent":0,"menu_order":0,"comment_status":"closed","ping_status":"closed","template":"","meta":[],"acf":[],"yoast_head":"<!-- This site is optimized with the Yoast SEO plugin v17.0 - https:\/\/yoast.com\/wordpress\/plugins\/seo\/ -->\n<title>Umiest\u0148ovac\u00ed test - Kurzy nem\u010diny IKI - v\u00fdu\u010dba nem\u010diny vo Viedni<\/title>\n<meta name=\"description\" content=\"Mit dem IKI-Einstufungstest finden wir den richtigen Kurs f\u00fcr dein Sprachniveau von A1.1 bis Level C1 nach dem europ\u00e4ischen Referenzrahmen.\" \/>\n<meta name=\"robots\" content=\"index, follow, max-snippet:-1, max-image-preview:large, max-video-preview:-1\" \/>\n<link rel=\"canonical\" href=\"https:\/\/ikivienna.at\/sk\/einstufungstest\/\" \/>\n<meta property=\"og:locale\" content=\"sk_SK\" \/>\n<meta property=\"og:type\" content=\"article\" \/>\n<meta property=\"og:title\" content=\"Umiest\u0148ovac\u00ed test - Kurzy nem\u010diny IKI - v\u00fdu\u010dba nem\u010diny vo Viedni\" \/>\n<meta property=\"og:description\" content=\"Mit dem IKI-Einstufungstest finden wir den richtigen Kurs f\u00fcr dein Sprachniveau von A1.1 bis Level C1 nach dem europ\u00e4ischen Referenzrahmen.\" \/>\n<meta property=\"og:url\" content=\"https:\/\/ikivienna.at\/sk\/einstufungstest\/\" \/>\n<meta property=\"og:site_name\" content=\"Kurzy nem\u010diny IKI - v\u00fdu\u010dba nem\u010diny vo Viedni\" \/>\n<meta property=\"article:publisher\" content=\"https:\/\/www.facebook.com\/internationaleskulturinstitut\" \/>\n<meta property=\"article:modified_time\" content=\"2025-04-22T10:58:12+00:00\" \/>\n<meta name=\"twitter:card\" content=\"summary_large_image\" \/>\n<script type=\"application\/ld+json\" class=\"yoast-schema-graph\">{\"@context\":\"https:\/\/schema.org\",\"@graph\":[{\"@type\":\"WebSite\",\"@id\":\"https:\/\/ikivienna.at\/#website\",\"url\":\"https:\/\/ikivienna.at\/\",\"name\":\"Kurzy nem\\u010diny IKI - v\\u00fdu\\u010dba nem\\u010diny vo Viedni\",\"description\":\"IKI Internationales Kulturinstitut - Jazykov\\u00e1 \\u0161kola\",\"potentialAction\":[{\"@type\":\"SearchAction\",\"target\":{\"@type\":\"EntryPoint\",\"urlTemplate\":\"https:\/\/ikivienna.at\/?s={search_term_string}\"},\"query-input\":\"required name=search_term_string\"}],\"inLanguage\":\"sk-SK\"},{\"@type\":\"WebPage\",\"@id\":\"https:\/\/ikivienna.at\/sk\/einstufungstest\/#webpage\",\"url\":\"https:\/\/ikivienna.at\/sk\/einstufungstest\/\",\"name\":\"Umiest\\u0148ovac\\u00ed test - Kurzy nem\\u010diny IKI - v\\u00fdu\\u010dba nem\\u010diny vo Viedni\",\"isPartOf\":{\"@id\":\"https:\/\/ikivienna.at\/#website\"},\"datePublished\":\"2019-06-16T14:24:23+00:00\",\"dateModified\":\"2025-04-22T10:58:12+00:00\",\"description\":\"Mit dem IKI-Einstufungstest finden wir den richtigen Kurs f\\u00fcr dein Sprachniveau von A1.1 bis Level C1 nach dem europ\\u00e4ischen Referenzrahmen.\",\"breadcrumb\":{\"@id\":\"https:\/\/ikivienna.at\/sk\/einstufungstest\/#breadcrumb\"},\"inLanguage\":\"sk-SK\",\"potentialAction\":[{\"@type\":\"ReadAction\",\"target\":[\"https:\/\/ikivienna.at\/sk\/einstufungstest\/\"]}]},{\"@type\":\"BreadcrumbList\",\"@id\":\"https:\/\/ikivienna.at\/sk\/einstufungstest\/#breadcrumb\",\"itemListElement\":[{\"@type\":\"ListItem\",\"position\":1,\"name\":\"Domovsk\\u00e1 str\\u00e1nka\",\"item\":\"https:\/\/ikivienna.at\/sk\/\"},{\"@type\":\"ListItem\",\"position\":2,\"name\":\"Umiest\\u0148ovac\\u00ed test\"}]}]}<\/script>\n<!-- \/ Yoast SEO plugin. -->","yoast_head_json":{"title":"Umiest\u0148ovac\u00ed test - Kurzy nem\u010diny IKI - v\u00fdu\u010dba nem\u010diny vo Viedni","description":"Mit dem IKI-Einstufungstest finden wir den richtigen Kurs f\u00fcr dein Sprachniveau von A1.1 bis Level C1 nach dem europ\u00e4ischen Referenzrahmen.","robots":{"index":"index","follow":"follow","max-snippet":"max-snippet:-1","max-image-preview":"max-image-preview:large","max-video-preview":"max-video-preview:-1"},"canonical":"https:\/\/ikivienna.at\/sk\/einstufungstest\/","og_locale":"sk_SK","og_type":"article","og_title":"Umiest\u0148ovac\u00ed test - Kurzy nem\u010diny IKI - v\u00fdu\u010dba nem\u010diny vo Viedni","og_description":"Mit dem IKI-Einstufungstest finden wir den richtigen Kurs f\u00fcr dein Sprachniveau von A1.1 bis Level C1 nach dem europ\u00e4ischen Referenzrahmen.","og_url":"https:\/\/ikivienna.at\/sk\/einstufungstest\/","og_site_name":"Kurzy nem\u010diny IKI - v\u00fdu\u010dba nem\u010diny vo Viedni","article_publisher":"https:\/\/www.facebook.com\/internationaleskulturinstitut","article_modified_time":"2025-04-22T10:58:12+00:00","twitter_card":"summary_large_image","schema":{"@context":"https:\/\/schema.org","@graph":[{"@type":"WebSite","@id":"https:\/\/ikivienna.at\/#website","url":"https:\/\/ikivienna.at\/","name":"Kurzy nem\u010diny IKI - v\u00fdu\u010dba nem\u010diny vo Viedni","description":"IKI Internationales Kulturinstitut - Jazykov\u00e1 \u0161kola","potentialAction":[{"@type":"SearchAction","target":{"@type":"EntryPoint","urlTemplate":"https:\/\/ikivienna.at\/?s={search_term_string}"},"query-input":"required name=search_term_string"}],"inLanguage":"sk-SK"},{"@type":"WebPage","@id":"https:\/\/ikivienna.at\/sk\/einstufungstest\/#webpage","url":"https:\/\/ikivienna.at\/sk\/einstufungstest\/","name":"Umiest\u0148ovac\u00ed test - Kurzy nem\u010diny IKI - v\u00fdu\u010dba nem\u010diny vo Viedni","isPartOf":{"@id":"https:\/\/ikivienna.at\/#website"},"datePublished":"2019-06-16T14:24:23+00:00","dateModified":"2025-04-22T10:58:12+00:00","description":"Mit dem IKI-Einstufungstest finden wir den richtigen Kurs f\u00fcr dein Sprachniveau von A1.1 bis Level C1 nach dem europ\u00e4ischen Referenzrahmen.","breadcrumb":{"@id":"https:\/\/ikivienna.at\/sk\/einstufungstest\/#breadcrumb"},"inLanguage":"sk-SK","potentialAction":[{"@type":"ReadAction","target":["https:\/\/ikivienna.at\/sk\/einstufungstest\/"]}]},{"@type":"BreadcrumbList","@id":"https:\/\/ikivienna.at\/sk\/einstufungstest\/#breadcrumb","itemListElement":[{"@type":"ListItem","position":1,"name":"Domovsk\u00e1 str\u00e1nka","item":"https:\/\/ikivienna.at\/sk\/"},{"@type":"ListItem","position":2,"name":"Umiest\u0148ovac\u00ed test"}]}]}},"_links":{"self":[{"href":"https:\/\/ikivienna.at\/sk\/wp-json\/wp\/v2\/pages\/54087"}],"collection":[{"href":"https:\/\/ikivienna.at\/sk\/wp-json\/wp\/v2\/pages"}],"about":[{"href":"https:\/\/ikivienna.at\/sk\/wp-json\/wp\/v2\/types\/page"}],"author":[{"embeddable":true,"href":"https:\/\/ikivienna.at\/sk\/wp-json\/wp\/v2\/users\/8"}],"replies":[{"embeddable":true,"href":"https:\/\/ikivienna.at\/sk\/wp-json\/wp\/v2\/comments?post=54087"}],"version-history":[{"count":1,"href":"https:\/\/ikivienna.at\/sk\/wp-json\/wp\/v2\/pages\/54087\/revisions"}],"predecessor-version":[{"id":54101,"href":"https:\/\/ikivienna.at\/sk\/wp-json\/wp\/v2\/pages\/54087\/revisions\/54101"}],"wp:attachment":[{"href":"https:\/\/ikivienna.at\/sk\/wp-json\/wp\/v2\/media?parent=54087"}],"curies":[{"name":"wp","href":"https:\/\/api.w.org\/{rel}","templated":true}]}}